{"id":24,"date":"2025-09-23T15:53:10","date_gmt":"2025-09-23T13:53:10","guid":{"rendered":"https:\/\/affairesdupere.fr\/?page_id=24"},"modified":"2025-11-04T15:33:22","modified_gmt":"2025-11-04T14:33:22","slug":"vision","status":"publish","type":"page","link":"https:\/\/affairesdupere.fr\/index.php\/vision\/","title":{"rendered":"Vision"},"content":{"rendered":"\n<p>Le but de l\u2019association est d\u2019apporter r\u00e9conciliation et transformation dans les groupes humains et les organisations avec un accent particulier mis sur les familles, les entreprises et les villes. Les actions sont conduites selon les enseignements bibliques, elles visent \u00e0 l\u2019\u00e9dification personnelle et le d\u00e9veloppement durable de la soci\u00e9t\u00e9.<\/p>\n\n\n\n<p>La Bible appelle les individus \u00e0 conna\u00eetre Dieu. Elle appelle aussi les groupes d\u2019hommes et de femmes au sens large \u00e0<br>une restauration dans leur identit\u00e9 et leurs fonctions.<\/p>\n","protected":false},"excerpt":{"rendered":"<p>Le but de l\u2019association est d\u2019apporter r\u00e9conciliation et transformation dans les groupes humains et les organisations avec un accent particulier mis sur les familles, les entreprises et les villes. Les actions sont conduites selon les enseignements bibliques, elles visent \u00e0 l\u2019\u00e9dification personnelle et le d\u00e9veloppement durable de la soci\u00e9t\u00e9. La Bible appelle les individus \u00e0 &hellip; <\/p>\n<p class=\"link-more\"><a href=\"https:\/\/affairesdupere.fr\/index.php\/vision\/\" class=\"more-link\">Continuer la lecture <span class=\"screen-reader-text\"> \u00ab\u00a0Vision\u00a0\u00bb<\/span><\/a><\/p>\n","protected":false},"author":1,"featured_media":0,"parent":0,"menu_order":0,"comment_status":"closed","ping_status":"closed","template":"","meta":{"footnotes":""},"class_list":["post-24","page","type-page","status-publish","hentry","entry"],"_links":{"self":[{"href":"https:\/\/affairesdupere.fr\/index.php\/wp-json\/wp\/v2\/pages\/24","targetHints":{"allow":["GET"]}}],"collection":[{"href":"https:\/\/affairesdupere.fr\/index.php\/wp-json\/wp\/v2\/pages"}],"about":[{"href":"https:\/\/affairesdupere.fr\/index.php\/wp-json\/wp\/v2\/types\/page"}],"author":[{"embeddable":true,"href":"https:\/\/affairesdupere.fr\/index.php\/wp-json\/wp\/v2\/users\/1"}],"replies":[{"embeddable":true,"href":"https:\/\/affairesdupere.fr\/index.php\/wp-json\/wp\/v2\/comments?post=24"}],"version-history":[{"count":3,"href":"https:\/\/affairesdupere.fr\/index.php\/wp-json\/wp\/v2\/pages\/24\/revisions"}],"predecessor-version":[{"id":70,"href":"https:\/\/affairesdupere.fr\/index.php\/wp-json\/wp\/v2\/pages\/24\/revisions\/70"}],"wp:attachment":[{"href":"https:\/\/affairesdupere.fr\/index.php\/wp-json\/wp\/v2\/media?parent=24"}],"curies":[{"name":"wp","href":"https:\/\/api.w.org\/{rel}","templated":true}]}}